{"id":740,"date":"2022-07-18T06:35:47","date_gmt":"2022-07-18T06:35:47","guid":{"rendered":"https:\/\/wolfi-bayer.de\/?page_id=740"},"modified":"2023-05-28T19:55:40","modified_gmt":"2023-05-28T19:55:40","slug":"stromlose-party","status":"publish","type":"page","link":"https:\/\/wolfi-bayer.de\/index.php\/stromlose-party\/","title":{"rendered":"Stromlose Party"},"content":{"rendered":"<p><span style=\"font-family: inherit; font-size: 15px; font-style: inherit; font-weight: inherit;\"><img loading=\"lazy\" decoding=\"async\" class=\"alignright wp-image-752\" style=\"font-family: 'Open Sans', sans-serif; font-size: 15px; font-style: normal; font-weight: 400;\" src=\"https:\/\/wolfi-bayer.de\/wp-content\/uploads\/2022\/07\/IMG-20210402-WA0008-225x300.jpg\" alt=\"\" width=\"500\" height=\"667\" srcset=\"https:\/\/wolfi-bayer.de\/wp-content\/uploads\/2022\/07\/IMG-20210402-WA0008-225x300.jpg 225w, https:\/\/wolfi-bayer.de\/wp-content\/uploads\/2022\/07\/IMG-20210402-WA0008-768x1024.jpg 768w, https:\/\/wolfi-bayer.de\/wp-content\/uploads\/2022\/07\/IMG-20210402-WA0008-1152x1536.jpg 1152w, https:\/\/wolfi-bayer.de\/wp-content\/uploads\/2022\/07\/IMG-20210402-WA0008.jpg 1200w\" sizes=\"auto, (max-width: 500px) 100vw, 500px\" \/><\/span><\/p>\n<p><span style=\"font-family: inherit; font-size: 15px; font-style: inherit; font-weight: inherit;\">Party machen ohne Steckdose? Ja, das ist m\u00f6glich!<\/span><\/p>\n<p>Wir bringen den Strom selber mit. Sch\u00f6n gr\u00fcn, eingefangen durch die eigene Solarzelle. Sollte es mal schnell gehen m\u00fcssen, wird der Akku im Tarif E.ON \u00d6koStrom an der Steckdose geladen. F\u00fcr eine langanhaltende Party wird eine Solarzelle gleich mitgebracht.<br \/>\nMit dieser Flexibilit\u00e4t kann Ihre Party \u00fcberall stattfinden. Im Wald, Am See oder in der Stadt. Bitte sorgen Sie f\u00fcr die dementsprechenden Genehmigungen.<\/p>\n<p><img loading=\"lazy\" decoding=\"async\" class=\"alignleft wp-image-745\" style=\"font-family: 'Open Sans', sans-serif; font-size: 15px; font-style: normal; font-weight: 400;\" src=\"https:\/\/wolfi-bayer.de\/wp-content\/uploads\/2022\/07\/WhatsApp-Image-2022-07-18-at-09.44.59-300x225.jpeg\" alt=\"Party ohne Strom\" width=\"500\" height=\"375\" srcset=\"https:\/\/wolfi-bayer.de\/wp-content\/uploads\/2022\/07\/WhatsApp-Image-2022-07-18-at-09.44.59-300x225.jpeg 300w, https:\/\/wolfi-bayer.de\/wp-content\/uploads\/2022\/07\/WhatsApp-Image-2022-07-18-at-09.44.59-1024x768.jpeg 1024w, https:\/\/wolfi-bayer.de\/wp-content\/uploads\/2022\/07\/WhatsApp-Image-2022-07-18-at-09.44.59-768x576.jpeg 768w, https:\/\/wolfi-bayer.de\/wp-content\/uploads\/2022\/07\/WhatsApp-Image-2022-07-18-at-09.44.59-1536x1152.jpeg 1536w, https:\/\/wolfi-bayer.de\/wp-content\/uploads\/2022\/07\/WhatsApp-Image-2022-07-18-at-09.44.59.jpeg 1600w\" sizes=\"auto, (max-width: 500px) 100vw, 500px\" \/><\/p>\n","protected":false},"excerpt":{"rendered":"<p>Party machen ohne Steckdose? Ja, das ist m\u00f6glich! Wir bringen den Strom selber mit. Sch\u00f6n gr\u00fcn, eingefangen durch die eigene Solarzelle. Sollte es mal schnell gehen m\u00fcssen, wird der Akku im Tarif E.ON \u00d6koStrom an der Steckdose geladen. F\u00fcr eine langanhaltende Party wird eine Solarzelle gleich mitgebracht. Mit dieser Flexibilit\u00e4t kann Ihre Party \u00fcberall stattfinden. [&hellip;]<\/p>\n","protected":false},"author":1,"featured_media":0,"parent":0,"menu_order":0,"comment_status":"closed","ping_status":"closed","template":"","meta":{"footnotes":""},"class_list":["post-740","page","type-page","status-publish","hentry"],"yoast_head":"<!-- This site is optimized with the Yoast SEO plugin v27.4 - https:\/\/yoast.com\/product\/yoast-seo-wordpress\/ -->\n<title>Stromlose Party - DJ Wolfi Bayer<\/title>\n<meta name=\"description\" content=\"Die beste Musik f\u00fcr die beste Party mit DJ Wolfi Bayer\" \/>\n<meta name=\"robots\" content=\"index, follow, max-snippet:-1, max-image-preview:large, max-video-preview:-1\" \/>\n<link rel=\"canonical\" href=\"https:\/\/wolfi-bayer.de\/index.php\/stromlose-party\/\" \/>\n<meta property=\"og:locale\" content=\"de_DE\" \/>\n<meta property=\"og:type\" content=\"article\" \/>\n<meta property=\"og:title\" content=\"Stromlose Party - DJ Wolfi Bayer\" \/>\n<meta property=\"og:description\" content=\"Die beste Musik f\u00fcr die beste Party mit DJ Wolfi Bayer\" \/>\n<meta property=\"og:url\" content=\"https:\/\/wolfi-bayer.de\/index.php\/stromlose-party\/\" \/>\n<meta property=\"og:site_name\" content=\"DJ Wolfi Bayer\" \/>\n<meta property=\"article:modified_time\" content=\"2023-05-28T19:55:40+00:00\" \/>\n<meta property=\"og:image\" content=\"https:\/\/wolfi-bayer.de\/wp-content\/uploads\/2022\/07\/IMG-20210402-WA0008-225x300.jpg\" \/>\n<meta name=\"twitter:card\" content=\"summary_large_image\" \/>\n<script type=\"application\/ld+json\" class=\"yoast-schema-graph\">{\"@context\":\"https:\\\/\\\/schema.org\",\"@graph\":[{\"@type\":\"WebPage\",\"@id\":\"https:\\\/\\\/wolfi-bayer.de\\\/index.php\\\/stromlose-party\\\/\",\"url\":\"https:\\\/\\\/wolfi-bayer.de\\\/index.php\\\/stromlose-party\\\/\",\"name\":\"Stromlose Party - DJ Wolfi Bayer\",\"isPartOf\":{\"@id\":\"https:\\\/\\\/wolfi-bayer.de\\\/#website\"},\"primaryImageOfPage\":{\"@id\":\"https:\\\/\\\/wolfi-bayer.de\\\/index.php\\\/stromlose-party\\\/#primaryimage\"},\"image\":{\"@id\":\"https:\\\/\\\/wolfi-bayer.de\\\/index.php\\\/stromlose-party\\\/#primaryimage\"},\"thumbnailUrl\":\"https:\\\/\\\/wolfi-bayer.de\\\/wp-content\\\/uploads\\\/2022\\\/07\\\/IMG-20210402-WA0008-225x300.jpg\",\"datePublished\":\"2022-07-18T06:35:47+00:00\",\"dateModified\":\"2023-05-28T19:55:40+00:00\",\"description\":\"Die beste Musik f\u00fcr die beste Party mit DJ Wolfi Bayer\",\"breadcrumb\":{\"@id\":\"https:\\\/\\\/wolfi-bayer.de\\\/index.php\\\/stromlose-party\\\/#breadcrumb\"},\"inLanguage\":\"de\",\"potentialAction\":[{\"@type\":\"ReadAction\",\"target\":[\"https:\\\/\\\/wolfi-bayer.de\\\/index.php\\\/stromlose-party\\\/\"]}]},{\"@type\":\"ImageObject\",\"inLanguage\":\"de\",\"@id\":\"https:\\\/\\\/wolfi-bayer.de\\\/index.php\\\/stromlose-party\\\/#primaryimage\",\"url\":\"https:\\\/\\\/wolfi-bayer.de\\\/wp-content\\\/uploads\\\/2022\\\/07\\\/IMG-20210402-WA0008.jpg\",\"contentUrl\":\"https:\\\/\\\/wolfi-bayer.de\\\/wp-content\\\/uploads\\\/2022\\\/07\\\/IMG-20210402-WA0008.jpg\",\"width\":1200,\"height\":1600},{\"@type\":\"BreadcrumbList\",\"@id\":\"https:\\\/\\\/wolfi-bayer.de\\\/index.php\\\/stromlose-party\\\/#breadcrumb\",\"itemListElement\":[{\"@type\":\"ListItem\",\"position\":1,\"name\":\"Startseite\",\"item\":\"https:\\\/\\\/wolfi-bayer.de\\\/\"},{\"@type\":\"ListItem\",\"position\":2,\"name\":\"Stromlose Party\"}]},{\"@type\":\"WebSite\",\"@id\":\"https:\\\/\\\/wolfi-bayer.de\\\/#website\",\"url\":\"https:\\\/\\\/wolfi-bayer.de\\\/\",\"name\":\"DJ Wolfi Bayer\",\"description\":\"Mobiler DJ Service f\u00fcr Geburtstage, Hochzeiten, Clubs und Firmenevents.\",\"publisher\":{\"@id\":\"https:\\\/\\\/wolfi-bayer.de\\\/#organization\"},\"potentialAction\":[{\"@type\":\"SearchAction\",\"target\":{\"@type\":\"EntryPoint\",\"urlTemplate\":\"https:\\\/\\\/wolfi-bayer.de\\\/?s={search_term_string}\"},\"query-input\":{\"@type\":\"PropertyValueSpecification\",\"valueRequired\":true,\"valueName\":\"search_term_string\"}}],\"inLanguage\":\"de\"},{\"@type\":\"Organization\",\"@id\":\"https:\\\/\\\/wolfi-bayer.de\\\/#organization\",\"name\":\"DJ Wolfi Bayer powered by Wolf-Musik Dienstleistungen\",\"url\":\"https:\\\/\\\/wolfi-bayer.de\\\/\",\"logo\":{\"@type\":\"ImageObject\",\"inLanguage\":\"de\",\"@id\":\"https:\\\/\\\/wolfi-bayer.de\\\/#\\\/schema\\\/logo\\\/image\\\/\",\"url\":\"https:\\\/\\\/wolfi-bayer.de\\\/wp-content\\\/uploads\\\/2018\\\/10\\\/20181002_220030.jpg\",\"contentUrl\":\"https:\\\/\\\/wolfi-bayer.de\\\/wp-content\\\/uploads\\\/2018\\\/10\\\/20181002_220030.jpg\",\"width\":2377,\"height\":3579,\"caption\":\"DJ Wolfi Bayer powered by Wolf-Musik Dienstleistungen\"},\"image\":{\"@id\":\"https:\\\/\\\/wolfi-bayer.de\\\/#\\\/schema\\\/logo\\\/image\\\/\"},\"sameAs\":[\"https:\\\/\\\/www.youtube.com\\\/channel\\\/UCd0VobYcbCek-3-hplXTrVw\"]}]}<\/script>\n<!-- \/ Yoast SEO plugin. -->","yoast_head_json":{"title":"Stromlose Party - DJ Wolfi Bayer","description":"Die beste Musik f\u00fcr die beste Party mit DJ Wolfi Bayer","robots":{"index":"index","follow":"follow","max-snippet":"max-snippet:-1","max-image-preview":"max-image-preview:large","max-video-preview":"max-video-preview:-1"},"canonical":"https:\/\/wolfi-bayer.de\/index.php\/stromlose-party\/","og_locale":"de_DE","og_type":"article","og_title":"Stromlose Party - DJ Wolfi Bayer","og_description":"Die beste Musik f\u00fcr die beste Party mit DJ Wolfi Bayer","og_url":"https:\/\/wolfi-bayer.de\/index.php\/stromlose-party\/","og_site_name":"DJ Wolfi Bayer","article_modified_time":"2023-05-28T19:55:40+00:00","og_image":[{"url":"https:\/\/wolfi-bayer.de\/wp-content\/uploads\/2022\/07\/IMG-20210402-WA0008-225x300.jpg","type":"","width":"","height":""}],"twitter_card":"summary_large_image","schema":{"@context":"https:\/\/schema.org","@graph":[{"@type":"WebPage","@id":"https:\/\/wolfi-bayer.de\/index.php\/stromlose-party\/","url":"https:\/\/wolfi-bayer.de\/index.php\/stromlose-party\/","name":"Stromlose Party - DJ Wolfi Bayer","isPartOf":{"@id":"https:\/\/wolfi-bayer.de\/#website"},"primaryImageOfPage":{"@id":"https:\/\/wolfi-bayer.de\/index.php\/stromlose-party\/#primaryimage"},"image":{"@id":"https:\/\/wolfi-bayer.de\/index.php\/stromlose-party\/#primaryimage"},"thumbnailUrl":"https:\/\/wolfi-bayer.de\/wp-content\/uploads\/2022\/07\/IMG-20210402-WA0008-225x300.jpg","datePublished":"2022-07-18T06:35:47+00:00","dateModified":"2023-05-28T19:55:40+00:00","description":"Die beste Musik f\u00fcr die beste Party mit DJ Wolfi Bayer","breadcrumb":{"@id":"https:\/\/wolfi-bayer.de\/index.php\/stromlose-party\/#breadcrumb"},"inLanguage":"de","potentialAction":[{"@type":"ReadAction","target":["https:\/\/wolfi-bayer.de\/index.php\/stromlose-party\/"]}]},{"@type":"ImageObject","inLanguage":"de","@id":"https:\/\/wolfi-bayer.de\/index.php\/stromlose-party\/#primaryimage","url":"https:\/\/wolfi-bayer.de\/wp-content\/uploads\/2022\/07\/IMG-20210402-WA0008.jpg","contentUrl":"https:\/\/wolfi-bayer.de\/wp-content\/uploads\/2022\/07\/IMG-20210402-WA0008.jpg","width":1200,"height":1600},{"@type":"BreadcrumbList","@id":"https:\/\/wolfi-bayer.de\/index.php\/stromlose-party\/#breadcrumb","itemListElement":[{"@type":"ListItem","position":1,"name":"Startseite","item":"https:\/\/wolfi-bayer.de\/"},{"@type":"ListItem","position":2,"name":"Stromlose Party"}]},{"@type":"WebSite","@id":"https:\/\/wolfi-bayer.de\/#website","url":"https:\/\/wolfi-bayer.de\/","name":"DJ Wolfi Bayer","description":"Mobiler DJ Service f\u00fcr Geburtstage, Hochzeiten, Clubs und Firmenevents.","publisher":{"@id":"https:\/\/wolfi-bayer.de\/#organization"},"potentialAction":[{"@type":"SearchAction","target":{"@type":"EntryPoint","urlTemplate":"https:\/\/wolfi-bayer.de\/?s={search_term_string}"},"query-input":{"@type":"PropertyValueSpecification","valueRequired":true,"valueName":"search_term_string"}}],"inLanguage":"de"},{"@type":"Organization","@id":"https:\/\/wolfi-bayer.de\/#organization","name":"DJ Wolfi Bayer powered by Wolf-Musik Dienstleistungen","url":"https:\/\/wolfi-bayer.de\/","logo":{"@type":"ImageObject","inLanguage":"de","@id":"https:\/\/wolfi-bayer.de\/#\/schema\/logo\/image\/","url":"https:\/\/wolfi-bayer.de\/wp-content\/uploads\/2018\/10\/20181002_220030.jpg","contentUrl":"https:\/\/wolfi-bayer.de\/wp-content\/uploads\/2018\/10\/20181002_220030.jpg","width":2377,"height":3579,"caption":"DJ Wolfi Bayer powered by Wolf-Musik Dienstleistungen"},"image":{"@id":"https:\/\/wolfi-bayer.de\/#\/schema\/logo\/image\/"},"sameAs":["https:\/\/www.youtube.com\/channel\/UCd0VobYcbCek-3-hplXTrVw"]}]}},"_links":{"self":[{"href":"https:\/\/wolfi-bayer.de\/index.php\/wp-json\/wp\/v2\/pages\/740","targetHints":{"allow":["GET"]}}],"collection":[{"href":"https:\/\/wolfi-bayer.de\/index.php\/wp-json\/wp\/v2\/pages"}],"about":[{"href":"https:\/\/wolfi-bayer.de\/index.php\/wp-json\/wp\/v2\/types\/page"}],"author":[{"embeddable":true,"href":"https:\/\/wolfi-bayer.de\/index.php\/wp-json\/wp\/v2\/users\/1"}],"replies":[{"embeddable":true,"href":"https:\/\/wolfi-bayer.de\/index.php\/wp-json\/wp\/v2\/comments?post=740"}],"version-history":[{"count":14,"href":"https:\/\/wolfi-bayer.de\/index.php\/wp-json\/wp\/v2\/pages\/740\/revisions"}],"predecessor-version":[{"id":821,"href":"https:\/\/wolfi-bayer.de\/index.php\/wp-json\/wp\/v2\/pages\/740\/revisions\/821"}],"wp:attachment":[{"href":"https:\/\/wolfi-bayer.de\/index.php\/wp-json\/wp\/v2\/media?parent=740"}],"curies":[{"name":"wp","href":"https:\/\/api.w.org\/{rel}","templated":true}]}}