{"id":194,"date":"2018-12-27T23:03:06","date_gmt":"2018-12-27T23:03:06","guid":{"rendered":"https:\/\/wolfi-bayer.de\/?page_id=194"},"modified":"2023-05-28T19:52:10","modified_gmt":"2023-05-28T19:52:10","slug":"faq","status":"publish","type":"page","link":"https:\/\/wolfi-bayer.de\/index.php\/faq\/","title":{"rendered":"FAQ"},"content":{"rendered":"<p><strong>Welche Musik spielt der DJ?<\/strong><br \/>\nWelche Musik Sie auf ihrem Event, Ihrer Party oder in Ihrem Club w\u00fcnschen, bespreche ich gerne mit Ihnen im Vorfeld.<br \/>\nW\u00e4hrend der Veranstaltung k\u00f6nnen Musikw\u00fcnsche \u00fcber jedes Handy beim DJ abgegeben werden. Die W\u00fcnsche tauchen dann beim DJ auf und werden in das im Vorfeld besprochene Programm integriert.<\/p>\n<p><strong>Wie spielt der DJ die Musik ab?<br \/>\n<\/strong>Wie Musik auf ihrem Event, Ihrer Party oder in Ihrem Club abgespielt wird, bespreche ich gerne mit Ihnen im Vorfeld. Grunds\u00e4tzlich biete ich sanfte \u00dcberg\u00e4nge mittels Beatmatching, effektvolle \u00dcberg\u00e4nge mit Dropins und harte \u00dcberg\u00e4nge durch Breaks an. Gerne kann die Art der \u00dcberg\u00e4nge gemischt werden.<\/p>\n<p><strong>Welche Kleidung tr\u00e4gt der DJ?<\/strong><br \/>\nGerne passen wir unseren Kleidungsstil an ihr Event, Ihre Party oder Ihrem Club an. Bitte teilen Sie uns im Vorgespr\u00e4ch mit, welcher Kleidungsstil gew\u00fcnscht wird.<\/p>\n<p><strong>Wann kommt mehr als ein DJ?<\/strong><br \/>\nBei sehr langen Veranstaltungen kann es sein, dass wir mit 2 DJs kommen. Unter anderem h\u00e4ngt die Anzahl der DJs von den im Vorgespr\u00e4ch ausgew\u00e4hlten Musikrichtungen ab.<\/p>\n<p><strong>Wie laut ist die Musik?<\/strong><br \/>\nEin Lautsprechersystem erzeugt einen Schalldruck von bis zu 130 dB. Es wird empfohlen, die Lautsprecher nicht lauter als 85 dB einzustellen, um H\u00f6rsch\u00e4den zu vermeiden.<\/p>\n<p><strong>Wie Zahlungsm\u00f6glichkeiten gibt es?<br \/>\n<\/strong>Sie bezahlen den Dj am Abend des Auftritts in bar oder mit EC-Karte. Alternativ kann das Geld auch vorab \u00fcberwiesen werden.<\/p>\n<p><strong>Kann ich stornieren? Was kostet es, wenn ich kurzfristig storniere<\/strong><br \/>\nStornierungsbedingungen: bis 14 Tage vor Veranstaltung kostenfrei, bis 48h vor Veranstaltungsbeginn 50% vom Auftragswert, sp\u00e4ter 100% vom Auftragswert<\/p>\n<p><strong>Meine Partylocation \/ Mein Club hat bereits eine Anlage. Welchen Anschluss ben\u00f6tigt der DJ?<\/strong><br \/>\nUnser Equipment unterst\u00fctzt XLR und Chinch.<\/p>\n<p><strong>Welche Ger\u00e4te k\u00f6nnen die Musik- und Lichtanlage st\u00f6ren?<\/strong><br \/>\nAlle Ger\u00e4te, die einen Motor enthalten oder starke magnetische Felder erzeugen. Bitte sorgen Sie daf\u00fcr, dass die Musik und Lichtanlage eine eigene Sicherung benutzt.<\/p>\n<p><strong>Wann wird die Musik- und Lichtanlage aufgebaut?<br \/>\n<\/strong>Bitte sorgen Sie daf\u00fcr, dass der DJ 2 Stunden vor Beginn der Veranstaltung Zugang zu den R\u00e4umlichkeiten hat.<strong><br \/>\n<\/strong><\/p>\n<p><strong>Wie viel Strom ben\u00f6tigt die Musik- und Licht-Anlage bei Veranstaltungen bis 150 Personen?<\/strong><br \/>\nBen\u00f6tigt wird eine Steckdose 220-240V mit 16 Ampere Sicherung(ca. 3680 Watt)<br \/>\nLautsprechersystem: 540 Watt Dauerleistung, 2000 Watt Maximalleistung<br \/>\nDJ-System: 1x 50 Watt Dauerleistung (max. 180 Watt)<br \/>\nMischpult: 100 Watt<br \/>\nLicht(Beispiel):<br \/>\n1x 13 Watt<br \/>\n1x 50 Watt<br \/>\n2x 65 Watt<br \/>\nNebel: 400 Watt<br \/>\nGesamte Spitzenlast: ca. 3000 Watt<br \/>\nGesamte Dauerlast: ca. 1300 Watt<\/p>\n<p><strong>Wie viel Strom ben\u00f6tigt die Musik- und Licht-Anlage bei Veranstaltungen mit mehr als 150 Personen?<br \/>\n<\/strong>Ben\u00f6tigt werden zwei Steckdosen mit je 220-240V mit 16 Ampere Sicherung(ca. 3680 Watt). Die beiden Boxensysteme d\u00fcrfen nicht auf der selben Sicherung h\u00e4ngen.<br \/>\nLautsprechersystem: 2&#215;540 Watt Dauerleistung, 2&#215;2000 Watt Maximalleistung<br \/>\nDJ-System: 1x 50 Watt Dauerleistung (max. 180 Watt)<br \/>\nMischpult: 100 Watt<br \/>\nLicht: 450 Watt<br \/>\nNebel: 800 Watt<br \/>\nGesamte Spitzenlast: ca. 5600 Watt<br \/>\nGesamte Dauerlast: ca. 2600 Watt<\/p>\n<p><strong>Ich m\u00f6chte eine \u00f6ffentliche Veranstaltung durchf\u00fchren. Was ist zu beachten?<br \/>\n<\/strong>Bei \u00f6ffentlichen Veranstaltungen m\u00fcssen diese bei der GEMA angemeldet werden. Dies k\u00f6nnen Sie \u00fcber ein <a href=\"https:\/\/www.gema.de\/fileadmin\/user_upload\/Musiknutzer\/Formulare\/Formulare_aida\/Fragebogen_Musik_bei_Veranstaltungen.pdf\">Formular auf der GEMA Webseite<\/a> tun. Der Antrag muss mindestens 3 Tage vor Veranstaltungsbeginn bei der GEMA eingegangen sein. Der Dj hat keine GEMA lizensierte Musik. Laser d\u00fcrfen auf \u00f6ffentlichen Partys nur verwendet werden, wenn die Laseranalagen am Veranstaltungsort vom T\u00dcV abgenommen wurden und eine Person mit Laserschein anwesend ist. Die Laser unserer Lichteffekte lassen sich daher f\u00fcr \u00f6ffentliche Partys deaktivieren.<\/p>\n","protected":false},"excerpt":{"rendered":"<p>Welche Musik spielt der DJ? Welche Musik Sie auf ihrem Event, Ihrer Party oder in Ihrem Club w\u00fcnschen, bespreche ich gerne mit Ihnen im Vorfeld. W\u00e4hrend der Veranstaltung k\u00f6nnen Musikw\u00fcnsche \u00fcber jedes Handy beim DJ abgegeben werden. Die W\u00fcnsche tauchen dann beim DJ auf und werden in das im Vorfeld besprochene Programm integriert. Wie spielt [&hellip;]<\/p>\n","protected":false},"author":1,"featured_media":0,"parent":0,"menu_order":0,"comment_status":"closed","ping_status":"closed","template":"","meta":{"footnotes":""},"class_list":["post-194","page","type-page","status-publish","hentry"],"yoast_head":"<!-- This site is optimized with the Yoast SEO plugin v27.5 - https:\/\/yoast.com\/product\/yoast-seo-wordpress\/ -->\n<title>FAQ - DJ Wolfi Bayer<\/title>\n<meta name=\"description\" content=\"Die beste Musik f\u00fcr die beste Party mit DJ Wolfi Bayer\" \/>\n<meta name=\"robots\" content=\"index, follow, max-snippet:-1, max-image-preview:large, max-video-preview:-1\" \/>\n<link rel=\"canonical\" href=\"https:\/\/wolfi-bayer.de\/index.php\/faq\/\" \/>\n<meta property=\"og:locale\" content=\"de_DE\" \/>\n<meta property=\"og:type\" content=\"article\" \/>\n<meta property=\"og:title\" content=\"FAQ - DJ Wolfi Bayer\" \/>\n<meta property=\"og:description\" content=\"Die beste Musik f\u00fcr die beste Party mit DJ Wolfi Bayer\" \/>\n<meta property=\"og:url\" content=\"https:\/\/wolfi-bayer.de\/index.php\/faq\/\" \/>\n<meta property=\"og:site_name\" content=\"DJ Wolfi Bayer\" \/>\n<meta property=\"article:modified_time\" content=\"2023-05-28T19:52:10+00:00\" \/>\n<meta name=\"twitter:card\" content=\"summary_large_image\" \/>\n<meta name=\"twitter:label1\" content=\"Gesch\u00e4tzte Lesezeit\" \/>\n\t<meta name=\"twitter:data1\" content=\"3\u00a0Minuten\" \/>\n<script type=\"application\/ld+json\" class=\"yoast-schema-graph\">{\"@context\":\"https:\\\/\\\/schema.org\",\"@graph\":[{\"@type\":\"WebPage\",\"@id\":\"https:\\\/\\\/wolfi-bayer.de\\\/index.php\\\/faq\\\/\",\"url\":\"https:\\\/\\\/wolfi-bayer.de\\\/index.php\\\/faq\\\/\",\"name\":\"FAQ - DJ Wolfi Bayer\",\"isPartOf\":{\"@id\":\"https:\\\/\\\/wolfi-bayer.de\\\/#website\"},\"datePublished\":\"2018-12-27T23:03:06+00:00\",\"dateModified\":\"2023-05-28T19:52:10+00:00\",\"description\":\"Die beste Musik f\u00fcr die beste Party mit DJ Wolfi Bayer\",\"breadcrumb\":{\"@id\":\"https:\\\/\\\/wolfi-bayer.de\\\/index.php\\\/faq\\\/#breadcrumb\"},\"inLanguage\":\"de\",\"potentialAction\":[{\"@type\":\"ReadAction\",\"target\":[\"https:\\\/\\\/wolfi-bayer.de\\\/index.php\\\/faq\\\/\"]}]},{\"@type\":\"BreadcrumbList\",\"@id\":\"https:\\\/\\\/wolfi-bayer.de\\\/index.php\\\/faq\\\/#breadcrumb\",\"itemListElement\":[{\"@type\":\"ListItem\",\"position\":1,\"name\":\"Startseite\",\"item\":\"https:\\\/\\\/wolfi-bayer.de\\\/\"},{\"@type\":\"ListItem\",\"position\":2,\"name\":\"FAQ\"}]},{\"@type\":\"WebSite\",\"@id\":\"https:\\\/\\\/wolfi-bayer.de\\\/#website\",\"url\":\"https:\\\/\\\/wolfi-bayer.de\\\/\",\"name\":\"DJ Wolfi Bayer\",\"description\":\"Mobiler DJ Service f\u00fcr Geburtstage, Hochzeiten, Clubs und Firmenevents.\",\"publisher\":{\"@id\":\"https:\\\/\\\/wolfi-bayer.de\\\/#organization\"},\"potentialAction\":[{\"@type\":\"SearchAction\",\"target\":{\"@type\":\"EntryPoint\",\"urlTemplate\":\"https:\\\/\\\/wolfi-bayer.de\\\/?s={search_term_string}\"},\"query-input\":{\"@type\":\"PropertyValueSpecification\",\"valueRequired\":true,\"valueName\":\"search_term_string\"}}],\"inLanguage\":\"de\"},{\"@type\":\"Organization\",\"@id\":\"https:\\\/\\\/wolfi-bayer.de\\\/#organization\",\"name\":\"DJ Wolfi Bayer powered by Wolf-Musik Dienstleistungen\",\"url\":\"https:\\\/\\\/wolfi-bayer.de\\\/\",\"logo\":{\"@type\":\"ImageObject\",\"inLanguage\":\"de\",\"@id\":\"https:\\\/\\\/wolfi-bayer.de\\\/#\\\/schema\\\/logo\\\/image\\\/\",\"url\":\"https:\\\/\\\/wolfi-bayer.de\\\/wp-content\\\/uploads\\\/2018\\\/10\\\/20181002_220030.jpg\",\"contentUrl\":\"https:\\\/\\\/wolfi-bayer.de\\\/wp-content\\\/uploads\\\/2018\\\/10\\\/20181002_220030.jpg\",\"width\":2377,\"height\":3579,\"caption\":\"DJ Wolfi Bayer powered by Wolf-Musik Dienstleistungen\"},\"image\":{\"@id\":\"https:\\\/\\\/wolfi-bayer.de\\\/#\\\/schema\\\/logo\\\/image\\\/\"},\"sameAs\":[\"https:\\\/\\\/www.youtube.com\\\/channel\\\/UCd0VobYcbCek-3-hplXTrVw\"]}]}<\/script>\n<!-- \/ Yoast SEO plugin. -->","yoast_head_json":{"title":"FAQ - DJ Wolfi Bayer","description":"Die beste Musik f\u00fcr die beste Party mit DJ Wolfi Bayer","robots":{"index":"index","follow":"follow","max-snippet":"max-snippet:-1","max-image-preview":"max-image-preview:large","max-video-preview":"max-video-preview:-1"},"canonical":"https:\/\/wolfi-bayer.de\/index.php\/faq\/","og_locale":"de_DE","og_type":"article","og_title":"FAQ - DJ Wolfi Bayer","og_description":"Die beste Musik f\u00fcr die beste Party mit DJ Wolfi Bayer","og_url":"https:\/\/wolfi-bayer.de\/index.php\/faq\/","og_site_name":"DJ Wolfi Bayer","article_modified_time":"2023-05-28T19:52:10+00:00","twitter_card":"summary_large_image","twitter_misc":{"Gesch\u00e4tzte Lesezeit":"3\u00a0Minuten"},"schema":{"@context":"https:\/\/schema.org","@graph":[{"@type":"WebPage","@id":"https:\/\/wolfi-bayer.de\/index.php\/faq\/","url":"https:\/\/wolfi-bayer.de\/index.php\/faq\/","name":"FAQ - DJ Wolfi Bayer","isPartOf":{"@id":"https:\/\/wolfi-bayer.de\/#website"},"datePublished":"2018-12-27T23:03:06+00:00","dateModified":"2023-05-28T19:52:10+00:00","description":"Die beste Musik f\u00fcr die beste Party mit DJ Wolfi Bayer","breadcrumb":{"@id":"https:\/\/wolfi-bayer.de\/index.php\/faq\/#breadcrumb"},"inLanguage":"de","potentialAction":[{"@type":"ReadAction","target":["https:\/\/wolfi-bayer.de\/index.php\/faq\/"]}]},{"@type":"BreadcrumbList","@id":"https:\/\/wolfi-bayer.de\/index.php\/faq\/#breadcrumb","itemListElement":[{"@type":"ListItem","position":1,"name":"Startseite","item":"https:\/\/wolfi-bayer.de\/"},{"@type":"ListItem","position":2,"name":"FAQ"}]},{"@type":"WebSite","@id":"https:\/\/wolfi-bayer.de\/#website","url":"https:\/\/wolfi-bayer.de\/","name":"DJ Wolfi Bayer","description":"Mobiler DJ Service f\u00fcr Geburtstage, Hochzeiten, Clubs und Firmenevents.","publisher":{"@id":"https:\/\/wolfi-bayer.de\/#organization"},"potentialAction":[{"@type":"SearchAction","target":{"@type":"EntryPoint","urlTemplate":"https:\/\/wolfi-bayer.de\/?s={search_term_string}"},"query-input":{"@type":"PropertyValueSpecification","valueRequired":true,"valueName":"search_term_string"}}],"inLanguage":"de"},{"@type":"Organization","@id":"https:\/\/wolfi-bayer.de\/#organization","name":"DJ Wolfi Bayer powered by Wolf-Musik Dienstleistungen","url":"https:\/\/wolfi-bayer.de\/","logo":{"@type":"ImageObject","inLanguage":"de","@id":"https:\/\/wolfi-bayer.de\/#\/schema\/logo\/image\/","url":"https:\/\/wolfi-bayer.de\/wp-content\/uploads\/2018\/10\/20181002_220030.jpg","contentUrl":"https:\/\/wolfi-bayer.de\/wp-content\/uploads\/2018\/10\/20181002_220030.jpg","width":2377,"height":3579,"caption":"DJ Wolfi Bayer powered by Wolf-Musik Dienstleistungen"},"image":{"@id":"https:\/\/wolfi-bayer.de\/#\/schema\/logo\/image\/"},"sameAs":["https:\/\/www.youtube.com\/channel\/UCd0VobYcbCek-3-hplXTrVw"]}]}},"_links":{"self":[{"href":"https:\/\/wolfi-bayer.de\/index.php\/wp-json\/wp\/v2\/pages\/194","targetHints":{"allow":["GET"]}}],"collection":[{"href":"https:\/\/wolfi-bayer.de\/index.php\/wp-json\/wp\/v2\/pages"}],"about":[{"href":"https:\/\/wolfi-bayer.de\/index.php\/wp-json\/wp\/v2\/types\/page"}],"author":[{"embeddable":true,"href":"https:\/\/wolfi-bayer.de\/index.php\/wp-json\/wp\/v2\/users\/1"}],"replies":[{"embeddable":true,"href":"https:\/\/wolfi-bayer.de\/index.php\/wp-json\/wp\/v2\/comments?post=194"}],"version-history":[{"count":27,"href":"https:\/\/wolfi-bayer.de\/index.php\/wp-json\/wp\/v2\/pages\/194\/revisions"}],"predecessor-version":[{"id":820,"href":"https:\/\/wolfi-bayer.de\/index.php\/wp-json\/wp\/v2\/pages\/194\/revisions\/820"}],"wp:attachment":[{"href":"https:\/\/wolfi-bayer.de\/index.php\/wp-json\/wp\/v2\/media?parent=194"}],"curies":[{"name":"wp","href":"https:\/\/api.w.org\/{rel}","templated":true}]}}