{"id":16,"date":"2018-10-17T11:14:36","date_gmt":"2018-10-17T11:14:36","guid":{"rendered":"https:\/\/wolfi-bayer.de\/?page_id=16"},"modified":"2025-05-01T19:49:00","modified_gmt":"2025-05-01T19:49:00","slug":"home","status":"publish","type":"page","link":"https:\/\/wolfi-bayer.de\/","title":{"rendered":"Home"},"content":{"rendered":"<h2><strong>Herzlich Willkommen auf der Webseite von DJ Wolfi Bayer<\/strong><\/h2>\n<h3><img loading=\"lazy\" decoding=\"async\" class=\" wp-image-91 alignright\" src=\"https:\/\/wolfi-bayer.de\/wp-content\/uploads\/2018\/10\/20181027_231153_800-2-225x300.jpg\" alt=\"\" width=\"215\" height=\"287\" srcset=\"https:\/\/wolfi-bayer.de\/wp-content\/uploads\/2018\/10\/20181027_231153_800-2-225x300.jpg 225w, https:\/\/wolfi-bayer.de\/wp-content\/uploads\/2018\/10\/20181027_231153_800-2.jpg 600w\" sizes=\"auto, (max-width: 215px) 100vw, 215px\" \/><\/h3>\n<p>Mein Name ist DJ Wolfi Bayer aus Augsburg. Seit 2006 lege ich leidenschaftlich gerne Musik auf und begeistere so die Partyg\u00e4ste. Einige Zeit habe ich jede Woche in der Rockfabrik Augsburg auf dem Main Floor aufgelegt. Au\u00dferdem auf vielen privaten Parties mit bis zu 500 G\u00e4sten.<\/p>\n<p>Neben massetauglichen Musikrichtungen wie Charts, Techno, Trance, Dance und Club, enth\u00e4lt meine Sammlung auch au\u00dfergew\u00f6hnliche Titel aus dem Bereich Gothic, Industrial und EBM. Dadurch kann ich die Musik optimal an die Party anpassen. Die W\u00fcnsche meiner Kunden stehen bei der Musikauswahl im Mittelpunkt.<\/p>\n<p><a href=\"https:\/\/wolfi-bayer.de\/index.php\/impressionen\/\" rel=\"noopener\">Impressionen von bisherigen Partys und eines 10 Minuten Livesets findet ihr hier<\/a><\/p>\n<p>Lasst die Party beginnen<\/p>\n<table>\n<tr>\n<td>\n<iframe loading=\"lazy\" title=\"spotify-widget\" 12px;\" src=\"https:\/\/open.spotify.com\/embed\/album\/2E1Jg6wOHZdnMRHNVh8J1K?utm_source=generator\" width=\"700\" height=\"500\" frameborder=\"0\" allowfullscreen=\"allowfullscreen\"><\/iframe>\n<\/td>\n<td>\n<iframe loading=\"lazy\" title=\"deezer-widget\" src=\"https:\/\/widget.deezer.com\/widget\/dark\/album\/744611671\" width=\"700\" height=\"500\" frameborder=\"0\" allowtransparency=\"true\" allow=\"encrypted-media; clipboard-write\"><\/iframe>\n<\/td>\n<\/tr>\n<\/table>\n<p><iframe loading=\"lazy\" src=\"https:\/\/www.mixcloud.com\/widget\/iframe\/?hide_cover=1&amp;mini=1&amp;feed=%2FWolfi_Bayer%2Ftechno-house-1%2F\" width=\"100%\" height=\"60\" frameborder=\"0\"><\/iframe><\/p>\n<p><img loading=\"lazy\" decoding=\"async\" class=\"alignnone size-thumbnail wp-image-517\" src=\"https:\/\/wolfi-bayer.de\/wp-content\/uploads\/2020\/01\/I-Race-Design-Yamaha-3-150x150.jpg\" alt=\"Yamaha Logo\" width=\"150\" height=\"150\" srcset=\"https:\/\/wolfi-bayer.de\/wp-content\/uploads\/2020\/01\/I-Race-Design-Yamaha-3-150x150.jpg 150w, https:\/\/wolfi-bayer.de\/wp-content\/uploads\/2020\/01\/I-Race-Design-Yamaha-3-300x300.jpg 300w, https:\/\/wolfi-bayer.de\/wp-content\/uploads\/2020\/01\/I-Race-Design-Yamaha-3-768x768.jpg 768w, https:\/\/wolfi-bayer.de\/wp-content\/uploads\/2020\/01\/I-Race-Design-Yamaha-3.jpg 1000w\" sizes=\"auto, (max-width: 150px) 100vw, 150px\" \/> <img loading=\"lazy\" decoding=\"async\" class=\"alignnone size-full wp-image-525\" src=\"https:\/\/wolfi-bayer.de\/wp-content\/uploads\/2020\/01\/5483e331a9bace540b3a2478fc014e25_XL.jpg\" alt=\"\" width=\"236\" height=\"150\" \/> <img loading=\"lazy\" decoding=\"async\" class=\"alignnone size-full wp-image-534\" src=\"https:\/\/wolfi-bayer.de\/wp-content\/uploads\/2020\/01\/M-Audio.png\" alt=\"M-Audio Logo\" width=\"247\" height=\"150\" \/> <img loading=\"lazy\" decoding=\"async\" class=\"alignnone size-full wp-image-527\" src=\"https:\/\/wolfi-bayer.de\/wp-content\/uploads\/2020\/01\/1501246475.3735_3_o.jpg\" alt=\"Pioneer DJ Logo\" width=\"150\" height=\"150\" \/> <img loading=\"lazy\" decoding=\"async\" class=\"alignnone size-full wp-image-529\" src=\"https:\/\/wolfi-bayer.de\/wp-content\/uploads\/2020\/01\/denon-dj-logo.jpg\" alt=\"Denon DJ Logo\" width=\"225\" height=\"150\" \/> <strong style=\"font-size: 26.25px;\"><img loading=\"lazy\" decoding=\"async\" class=\"alignnone size-full wp-image-532\" style=\"font-size: 26.25px;\" src=\"https:\/\/wolfi-bayer.de\/wp-content\/uploads\/2020\/01\/numark-logo-png-4.png\" alt=\"Numark Logo\" width=\"337\" height=\"150\" srcset=\"https:\/\/wolfi-bayer.de\/wp-content\/uploads\/2020\/01\/numark-logo-png-4.png 337w, https:\/\/wolfi-bayer.de\/wp-content\/uploads\/2020\/01\/numark-logo-png-4-300x134.png 300w\" sizes=\"auto, (max-width: 337px) 100vw, 337px\" \/> <img loading=\"lazy\" decoding=\"async\" class=\"alignnone size-full wp-image-537\" src=\"https:\/\/wolfi-bayer.de\/wp-content\/uploads\/2020\/01\/61hXX20V1L._SY450_.jpg\" alt=\"ADJ Logo\" width=\"150\" height=\"150\" \/><\/strong><\/p>\n<p><img loading=\"lazy\" decoding=\"async\" class=\"aligncenter size-full wp-image-342\" style=\"font-family: 'Open Sans', sans-serif; font-size: 15px; font-style: normal; font-weight: 400;\" src=\"https:\/\/wolfi-bayer.de\/wp-content\/uploads\/2019\/05\/Zahlungsmethoden-1.png\" alt=\"\" width=\"426\" height=\"102\" srcset=\"https:\/\/wolfi-bayer.de\/wp-content\/uploads\/2019\/05\/Zahlungsmethoden-1.png 426w, https:\/\/wolfi-bayer.de\/wp-content\/uploads\/2019\/05\/Zahlungsmethoden-1-300x72.png 300w\" sizes=\"auto, (max-width: 426px) 100vw, 426px\" \/><\/p>\n<p>&nbsp;<\/p>\n","protected":false},"excerpt":{"rendered":"<p>Herzlich Willkommen auf der Webseite von DJ Wolfi Bayer Mein Name ist DJ Wolfi Bayer aus Augsburg. Seit 2006 lege ich leidenschaftlich gerne Musik auf und begeistere so die Partyg\u00e4ste. Einige Zeit habe ich jede Woche in der Rockfabrik Augsburg auf dem Main Floor aufgelegt. Au\u00dferdem auf vielen privaten Parties mit bis zu 500 G\u00e4sten. [&hellip;]<\/p>\n","protected":false},"author":1,"featured_media":0,"parent":0,"menu_order":0,"comment_status":"closed","ping_status":"closed","template":"","meta":{"footnotes":""},"class_list":["post-16","page","type-page","status-publish","hentry"],"yoast_head":"<!-- This site is optimized with the Yoast SEO plugin v27.5 - https:\/\/yoast.com\/product\/yoast-seo-wordpress\/ -->\n<title>Home - DJ Wolfi Bayer<\/title>\n<meta name=\"description\" content=\"Die beste Musik f\u00fcr die beste Party mit DJ Wolfi Bayer\" \/>\n<meta name=\"robots\" content=\"index, follow, max-snippet:-1, max-image-preview:large, max-video-preview:-1\" \/>\n<link rel=\"canonical\" href=\"https:\/\/wolfi-bayer.de\/\" \/>\n<meta property=\"og:locale\" content=\"de_DE\" \/>\n<meta property=\"og:type\" content=\"article\" \/>\n<meta property=\"og:title\" content=\"Home - DJ Wolfi Bayer\" \/>\n<meta property=\"og:description\" content=\"Die beste Musik f\u00fcr die beste Party mit DJ Wolfi Bayer\" \/>\n<meta property=\"og:url\" content=\"https:\/\/wolfi-bayer.de\/\" \/>\n<meta property=\"og:site_name\" content=\"DJ Wolfi Bayer\" \/>\n<meta property=\"article:modified_time\" content=\"2025-05-01T19:49:00+00:00\" \/>\n<meta property=\"og:image\" content=\"https:\/\/wolfi-bayer.de\/wp-content\/uploads\/2018\/10\/20181027_231153_800-2.jpg\" \/>\n\t<meta property=\"og:image:width\" content=\"600\" \/>\n\t<meta property=\"og:image:height\" content=\"800\" \/>\n\t<meta property=\"og:image:type\" content=\"image\/jpeg\" \/>\n<meta name=\"twitter:card\" content=\"summary_large_image\" \/>\n<meta name=\"twitter:label1\" content=\"Gesch\u00e4tzte Lesezeit\" \/>\n\t<meta name=\"twitter:data1\" content=\"1\u00a0Minute\" \/>\n<script type=\"application\/ld+json\" class=\"yoast-schema-graph\">{\"@context\":\"https:\\\/\\\/schema.org\",\"@graph\":[{\"@type\":\"WebPage\",\"@id\":\"https:\\\/\\\/wolfi-bayer.de\\\/\",\"url\":\"https:\\\/\\\/wolfi-bayer.de\\\/\",\"name\":\"Home - DJ Wolfi Bayer\",\"isPartOf\":{\"@id\":\"https:\\\/\\\/wolfi-bayer.de\\\/#website\"},\"primaryImageOfPage\":{\"@id\":\"https:\\\/\\\/wolfi-bayer.de\\\/#primaryimage\"},\"image\":{\"@id\":\"https:\\\/\\\/wolfi-bayer.de\\\/#primaryimage\"},\"thumbnailUrl\":\"https:\\\/\\\/wolfi-bayer.de\\\/wp-content\\\/uploads\\\/2018\\\/10\\\/20181027_231153_800-2-225x300.jpg\",\"datePublished\":\"2018-10-17T11:14:36+00:00\",\"dateModified\":\"2025-05-01T19:49:00+00:00\",\"description\":\"Die beste Musik f\u00fcr die beste Party mit DJ Wolfi Bayer\",\"breadcrumb\":{\"@id\":\"https:\\\/\\\/wolfi-bayer.de\\\/#breadcrumb\"},\"inLanguage\":\"de\",\"potentialAction\":[{\"@type\":\"ReadAction\",\"target\":[\"https:\\\/\\\/wolfi-bayer.de\\\/\"]}]},{\"@type\":\"ImageObject\",\"inLanguage\":\"de\",\"@id\":\"https:\\\/\\\/wolfi-bayer.de\\\/#primaryimage\",\"url\":\"https:\\\/\\\/wolfi-bayer.de\\\/wp-content\\\/uploads\\\/2018\\\/10\\\/20181027_231153_800-2.jpg\",\"contentUrl\":\"https:\\\/\\\/wolfi-bayer.de\\\/wp-content\\\/uploads\\\/2018\\\/10\\\/20181027_231153_800-2.jpg\",\"width\":600,\"height\":800,\"caption\":\"Top-DJ in Augsburg und Umgebung\"},{\"@type\":\"BreadcrumbList\",\"@id\":\"https:\\\/\\\/wolfi-bayer.de\\\/#breadcrumb\",\"itemListElement\":[{\"@type\":\"ListItem\",\"position\":1,\"name\":\"Startseite\",\"item\":\"https:\\\/\\\/wolfi-bayer.de\\\/\"},{\"@type\":\"ListItem\",\"position\":2,\"name\":\"Home\"}]},{\"@type\":\"WebSite\",\"@id\":\"https:\\\/\\\/wolfi-bayer.de\\\/#website\",\"url\":\"https:\\\/\\\/wolfi-bayer.de\\\/\",\"name\":\"DJ Wolfi Bayer\",\"description\":\"Mobiler DJ Service f\u00fcr Geburtstage, Hochzeiten, Clubs und Firmenevents.\",\"publisher\":{\"@id\":\"https:\\\/\\\/wolfi-bayer.de\\\/#organization\"},\"potentialAction\":[{\"@type\":\"SearchAction\",\"target\":{\"@type\":\"EntryPoint\",\"urlTemplate\":\"https:\\\/\\\/wolfi-bayer.de\\\/?s={search_term_string}\"},\"query-input\":{\"@type\":\"PropertyValueSpecification\",\"valueRequired\":true,\"valueName\":\"search_term_string\"}}],\"inLanguage\":\"de\"},{\"@type\":\"Organization\",\"@id\":\"https:\\\/\\\/wolfi-bayer.de\\\/#organization\",\"name\":\"DJ Wolfi Bayer powered by Wolf-Musik Dienstleistungen\",\"url\":\"https:\\\/\\\/wolfi-bayer.de\\\/\",\"logo\":{\"@type\":\"ImageObject\",\"inLanguage\":\"de\",\"@id\":\"https:\\\/\\\/wolfi-bayer.de\\\/#\\\/schema\\\/logo\\\/image\\\/\",\"url\":\"https:\\\/\\\/wolfi-bayer.de\\\/wp-content\\\/uploads\\\/2018\\\/10\\\/20181002_220030.jpg\",\"contentUrl\":\"https:\\\/\\\/wolfi-bayer.de\\\/wp-content\\\/uploads\\\/2018\\\/10\\\/20181002_220030.jpg\",\"width\":2377,\"height\":3579,\"caption\":\"DJ Wolfi Bayer powered by Wolf-Musik Dienstleistungen\"},\"image\":{\"@id\":\"https:\\\/\\\/wolfi-bayer.de\\\/#\\\/schema\\\/logo\\\/image\\\/\"},\"sameAs\":[\"https:\\\/\\\/www.youtube.com\\\/channel\\\/UCd0VobYcbCek-3-hplXTrVw\"]}]}<\/script>\n<!-- \/ Yoast SEO plugin. -->","yoast_head_json":{"title":"Home - DJ Wolfi Bayer","description":"Die beste Musik f\u00fcr die beste Party mit DJ Wolfi Bayer","robots":{"index":"index","follow":"follow","max-snippet":"max-snippet:-1","max-image-preview":"max-image-preview:large","max-video-preview":"max-video-preview:-1"},"canonical":"https:\/\/wolfi-bayer.de\/","og_locale":"de_DE","og_type":"article","og_title":"Home - DJ Wolfi Bayer","og_description":"Die beste Musik f\u00fcr die beste Party mit DJ Wolfi Bayer","og_url":"https:\/\/wolfi-bayer.de\/","og_site_name":"DJ Wolfi Bayer","article_modified_time":"2025-05-01T19:49:00+00:00","og_image":[{"width":600,"height":800,"url":"https:\/\/wolfi-bayer.de\/wp-content\/uploads\/2018\/10\/20181027_231153_800-2.jpg","type":"image\/jpeg"}],"twitter_card":"summary_large_image","twitter_misc":{"Gesch\u00e4tzte Lesezeit":"1\u00a0Minute"},"schema":{"@context":"https:\/\/schema.org","@graph":[{"@type":"WebPage","@id":"https:\/\/wolfi-bayer.de\/","url":"https:\/\/wolfi-bayer.de\/","name":"Home - DJ Wolfi Bayer","isPartOf":{"@id":"https:\/\/wolfi-bayer.de\/#website"},"primaryImageOfPage":{"@id":"https:\/\/wolfi-bayer.de\/#primaryimage"},"image":{"@id":"https:\/\/wolfi-bayer.de\/#primaryimage"},"thumbnailUrl":"https:\/\/wolfi-bayer.de\/wp-content\/uploads\/2018\/10\/20181027_231153_800-2-225x300.jpg","datePublished":"2018-10-17T11:14:36+00:00","dateModified":"2025-05-01T19:49:00+00:00","description":"Die beste Musik f\u00fcr die beste Party mit DJ Wolfi Bayer","breadcrumb":{"@id":"https:\/\/wolfi-bayer.de\/#breadcrumb"},"inLanguage":"de","potentialAction":[{"@type":"ReadAction","target":["https:\/\/wolfi-bayer.de\/"]}]},{"@type":"ImageObject","inLanguage":"de","@id":"https:\/\/wolfi-bayer.de\/#primaryimage","url":"https:\/\/wolfi-bayer.de\/wp-content\/uploads\/2018\/10\/20181027_231153_800-2.jpg","contentUrl":"https:\/\/wolfi-bayer.de\/wp-content\/uploads\/2018\/10\/20181027_231153_800-2.jpg","width":600,"height":800,"caption":"Top-DJ in Augsburg und Umgebung"},{"@type":"BreadcrumbList","@id":"https:\/\/wolfi-bayer.de\/#breadcrumb","itemListElement":[{"@type":"ListItem","position":1,"name":"Startseite","item":"https:\/\/wolfi-bayer.de\/"},{"@type":"ListItem","position":2,"name":"Home"}]},{"@type":"WebSite","@id":"https:\/\/wolfi-bayer.de\/#website","url":"https:\/\/wolfi-bayer.de\/","name":"DJ Wolfi Bayer","description":"Mobiler DJ Service f\u00fcr Geburtstage, Hochzeiten, Clubs und Firmenevents.","publisher":{"@id":"https:\/\/wolfi-bayer.de\/#organization"},"potentialAction":[{"@type":"SearchAction","target":{"@type":"EntryPoint","urlTemplate":"https:\/\/wolfi-bayer.de\/?s={search_term_string}"},"query-input":{"@type":"PropertyValueSpecification","valueRequired":true,"valueName":"search_term_string"}}],"inLanguage":"de"},{"@type":"Organization","@id":"https:\/\/wolfi-bayer.de\/#organization","name":"DJ Wolfi Bayer powered by Wolf-Musik Dienstleistungen","url":"https:\/\/wolfi-bayer.de\/","logo":{"@type":"ImageObject","inLanguage":"de","@id":"https:\/\/wolfi-bayer.de\/#\/schema\/logo\/image\/","url":"https:\/\/wolfi-bayer.de\/wp-content\/uploads\/2018\/10\/20181002_220030.jpg","contentUrl":"https:\/\/wolfi-bayer.de\/wp-content\/uploads\/2018\/10\/20181002_220030.jpg","width":2377,"height":3579,"caption":"DJ Wolfi Bayer powered by Wolf-Musik Dienstleistungen"},"image":{"@id":"https:\/\/wolfi-bayer.de\/#\/schema\/logo\/image\/"},"sameAs":["https:\/\/www.youtube.com\/channel\/UCd0VobYcbCek-3-hplXTrVw"]}]}},"_links":{"self":[{"href":"https:\/\/wolfi-bayer.de\/index.php\/wp-json\/wp\/v2\/pages\/16","targetHints":{"allow":["GET"]}}],"collection":[{"href":"https:\/\/wolfi-bayer.de\/index.php\/wp-json\/wp\/v2\/pages"}],"about":[{"href":"https:\/\/wolfi-bayer.de\/index.php\/wp-json\/wp\/v2\/types\/page"}],"author":[{"embeddable":true,"href":"https:\/\/wolfi-bayer.de\/index.php\/wp-json\/wp\/v2\/users\/1"}],"replies":[{"embeddable":true,"href":"https:\/\/wolfi-bayer.de\/index.php\/wp-json\/wp\/v2\/comments?post=16"}],"version-history":[{"count":103,"href":"https:\/\/wolfi-bayer.de\/index.php\/wp-json\/wp\/v2\/pages\/16\/revisions"}],"predecessor-version":[{"id":1010,"href":"https:\/\/wolfi-bayer.de\/index.php\/wp-json\/wp\/v2\/pages\/16\/revisions\/1010"}],"wp:attachment":[{"href":"https:\/\/wolfi-bayer.de\/index.php\/wp-json\/wp\/v2\/media?parent=16"}],"curies":[{"name":"wp","href":"https:\/\/api.w.org\/{rel}","templated":true}]}}